{"id":146,"date":"2019-04-01T13:49:31","date_gmt":"2019-04-01T13:49:31","guid":{"rendered":"https:\/\/demo.cocobasic.com\/pekko-wp\/?page_id=33"},"modified":"2025-04-19T12:06:25","modified_gmt":"2025-04-19T12:06:25","slug":"about","status":"publish","type":"page","link":"https:\/\/zalevski.com\/?page_id=146","title":{"rendered":"O mnie"},"content":{"rendered":"\t\t<div data-elementor-type=\"wp-page\" data-elementor-id=\"146\" class=\"elementor elementor-146\">\n\t\t\t\t<div class=\"elementor-element elementor-element-e09e10e e-flex e-con-boxed elementor-invisible e-con e-parent\" data-id=\"e09e10e\" data-element_type=\"container\" data-settings=\"{&quot;animation&quot;:&quot;fadeInDown&quot;}\">\n\t\t\t\t\t<div class=\"e-con-inner\">\n\t\t\t\t<div class=\"elementor-element elementor-element-8cf691f elementor-widget elementor-widget-heading\" data-id=\"8cf691f\" data-element_type=\"widget\" data-widget_type=\"heading.default\">\n\t\t\t\t<div class=\"elementor-widget-container\">\n\t\t\t\t\t<h1 class=\"elementor-heading-title elementor-size-default\">Kilka s\u0142\u00f3w o mnie...<\/h1>\t\t\t\t<\/div>\n\t\t\t\t<\/div>\n\t\t\t\t\t<\/div>\n\t\t\t\t<\/div>\n\t\t\t\t<section class=\"elementor-section elementor-top-section elementor-element elementor-element-c15d3f9 elementor-section-full_width elementor-section-height-default elementor-section-height-default\" data-id=\"c15d3f9\" data-element_type=\"section\">\n\t\t\t\t\t\t<div class=\"elementor-container elementor-column-gap-no\">\n\t\t\t\t\t<div class=\"elementor-column elementor-col-100 elementor-top-column elementor-element elementor-element-939a0b3\" data-id=\"939a0b3\" data-element_type=\"column\">\n\t\t\t<div class=\"elementor-widget-wrap elementor-element-populated\">\n\t\t\t\t\t\t<div class=\"elementor-element elementor-element-4d7b9a3 elementor-widget__width-initial elementor-invisible elementor-widget elementor-widget-image\" data-id=\"4d7b9a3\" data-element_type=\"widget\" data-settings=\"{&quot;_animation&quot;:&quot;fadeInUp&quot;}\" data-widget_type=\"image.default\">\n\t\t\t\t<div class=\"elementor-widget-container\">\n\t\t\t\t\t\t\t\t\t\t\t\t\t\t\t<img fetchpriority=\"high\" decoding=\"async\" width=\"300\" height=\"236\" src=\"https:\/\/zalevski.com\/wp-content\/uploads\/2024\/08\/UNADJUSTEDNONRAW_thumb_ee2-e1724348605595-300x236.jpg\" class=\"attachment-medium size-medium wp-image-128\" alt=\"\" srcset=\"https:\/\/zalevski.com\/wp-content\/uploads\/2024\/08\/UNADJUSTEDNONRAW_thumb_ee2-e1724348605595-300x236.jpg 300w, https:\/\/zalevski.com\/wp-content\/uploads\/2024\/08\/UNADJUSTEDNONRAW_thumb_ee2-e1724348605595-768x605.jpg 768w, https:\/\/zalevski.com\/wp-content\/uploads\/2024\/08\/UNADJUSTEDNONRAW_thumb_ee2-e1724348605595.jpg 964w\" sizes=\"(max-width: 300px) 100vw, 300px\" \/>\t\t\t\t\t\t\t\t\t\t\t\t\t\t\t<\/div>\n\t\t\t\t<\/div>\n\t\t\t\t\t<\/div>\n\t\t<\/div>\n\t\t\t\t\t<\/div>\n\t\t<\/section>\n\t\t<div class=\"elementor-element elementor-element-bba73ee e-con-full e-flex e-con e-parent\" data-id=\"bba73ee\" data-element_type=\"container\">\n\t\t<div class=\"elementor-element elementor-element-dda01e1 e-con-full e-flex e-con e-child\" data-id=\"dda01e1\" data-element_type=\"container\">\n\t\t\t\t<div class=\"elementor-element elementor-element-6106640 elementor-widget__width-initial elementor-invisible elementor-widget elementor-widget-coco-timeline\" data-id=\"6106640\" data-element_type=\"widget\" data-settings=\"{&quot;_animation&quot;:&quot;fadeInLeft&quot;}\" data-widget_type=\"coco-timeline.default\">\n\t\t\t\t<div class=\"elementor-widget-container\">\n\t\t\t\t\t<ul class=\"timeline-holder\">\n    \n                <li class=\"timeline-event\">\n                    <span class=\"timeline-circle\"><\/span>\n                    <div class=\"timeline-event-content\">Tutaj wszystko si\u0119 zaczyna. Jest rok 2007, w ko\u0144cu pierwsza lustrzanka. Ciekawo\u015b\u0107 przerodzi\u0142a si\u0119 w pasj\u0119.<\/div>\n                    <div class=\"timeline-event-date\">D40<\/div>\n                <\/li>          \n            \n                <li class=\"timeline-event\">\n                    <span class=\"timeline-circle\"><\/span>\n                    <div class=\"timeline-event-content\">Mijaj\u0105 2 lata. Nikon D40 ust\u0119puje miejsca Nikonowi D5000. Nowe do\u015bwiadczenia. Filmowanie, strobing, timelapse, makro, fotografia produktowa.. i nieustanna ch\u0119\u0107 pog\u0142\u0119biania wiedzy.\n<\/div>\n                    <div class=\"timeline-event-date\">D5000<\/div>\n                <\/li>          \n            \n                <li class=\"timeline-event\">\n                    <span class=\"timeline-circle\"><\/span>\n                    <div class=\"timeline-event-content\">Zacz\u0119\u0142a si\u0119 magia. HDR, bracketing, panoramy sferyczne. W mi\u0119dzyczasie kupuj\u0119 pierwszego drona i pojawiaj\u0105 si\u0119 zlecenia komercyjne.<\/div>\n                    <div class=\"timeline-event-date\">D7100<\/div>\n                <\/li>          \n            \n                <li class=\"timeline-event\">\n                    <span class=\"timeline-circle\"><\/span>\n                    <div class=\"timeline-event-content\">Sky is the limit. Nowe drony, tak\u017ce FPV.\nPowstaje ZALEVSKI.COM. <\/div>\n                    <div class=\"timeline-event-date\">D750<\/div>\n                <\/li>          \n            \n                <li class=\"timeline-event\">\n                    <span class=\"timeline-circle\"><\/span>\n                    <div class=\"timeline-event-content\">Zmiana systemu z Nikona na Sony. Do oferty dochodzi filmowanie.<\/div>\n                    <div class=\"timeline-event-date\">A7 IV<\/div>\n                <\/li>          \n             \n<\/ul>\n\n\t\t\t\t<\/div>\n\t\t\t\t<\/div>\n\t\t\t\t<\/div>\n\t\t<div class=\"elementor-element elementor-element-db1870c e-con-full e-flex e-con e-child\" data-id=\"db1870c\" data-element_type=\"container\">\n\t\t\t\t<div class=\"elementor-element elementor-element-f23b9a9 elementor-invisible elementor-widget elementor-widget-text-editor\" data-id=\"f23b9a9\" data-element_type=\"widget\" data-settings=\"{&quot;_animation&quot;:&quot;fadeInRight&quot;}\" data-widget_type=\"text-editor.default\">\n\t\t\t\t<div class=\"elementor-widget-container\">\n\t\t\t\t\t\t\t\t\t<p><img decoding=\"async\" class=\"alignnone  wp-image-50\" src=\"https:\/\/zalevski.com\/wp-content\/uploads\/2024\/08\/DSC_2012-Edit-201x300.jpg\" alt=\"\" width=\"241\" height=\"359\" \/><\/p>\t\t\t\t\t\t\t\t<\/div>\n\t\t\t\t<\/div>\n\t\t\t\t<\/div>\n\t\t\t\t<\/div>\n\t\t<div class=\"elementor-element elementor-element-7f28ec2 e-flex e-con-boxed e-con e-parent\" data-id=\"7f28ec2\" data-element_type=\"container\">\n\t\t\t\t\t<div class=\"e-con-inner\">\n\t\t\t\t\t<\/div>\n\t\t\t\t<\/div>\n\t\t\t\t<\/div>\n\t\t","protected":false},"excerpt":{"rendered":"<p>Kilka s\u0142\u00f3w o mnie&#8230; Tutaj wszystko si\u0119 zaczyna. Jest rok 2007, w ko\u0144cu pierwsza lustrzanka. Ciekawo\u015b\u0107 przerodzi\u0142a si\u0119 w pasj\u0119. D40 Mijaj\u0105 2 lata. Nikon D40 ust\u0119puje miejsca Nikonowi D5000. Nowe do\u015bwiadczenia. Filmowanie, strobing, timelapse, makro, fotografia produktowa.. i nieustanna ch\u0119\u0107 pog\u0142\u0119biania wiedzy. D5000 Zacz\u0119\u0142a si\u0119 magia. HDR, bracketing, panoramy sferyczne. W mi\u0119dzyczasie kupuj\u0119 pierwszego [&hellip;]<\/p>\n","protected":false},"author":1,"featured_media":0,"parent":0,"menu_order":0,"comment_status":"closed","ping_status":"closed","template":"","meta":{"footnotes":""},"class_list":["post-146","page","type-page","status-publish","hentry"],"_links":{"self":[{"href":"https:\/\/zalevski.com\/index.php?rest_route=\/wp\/v2\/pages\/146","targetHints":{"allow":["GET"]}}],"collection":[{"href":"https:\/\/zalevski.com\/index.php?rest_route=\/wp\/v2\/pages"}],"about":[{"href":"https:\/\/zalevski.com\/index.php?rest_route=\/wp\/v2\/types\/page"}],"author":[{"embeddable":true,"href":"https:\/\/zalevski.com\/index.php?rest_route=\/wp\/v2\/users\/1"}],"replies":[{"embeddable":true,"href":"https:\/\/zalevski.com\/index.php?rest_route=%2Fwp%2Fv2%2Fcomments&post=146"}],"version-history":[{"count":157,"href":"https:\/\/zalevski.com\/index.php?rest_route=\/wp\/v2\/pages\/146\/revisions"}],"predecessor-version":[{"id":1136,"href":"https:\/\/zalevski.com\/index.php?rest_route=\/wp\/v2\/pages\/146\/revisions\/1136"}],"wp:attachment":[{"href":"https:\/\/zalevski.com\/index.php?rest_route=%2Fwp%2Fv2%2Fmedia&parent=146"}],"curies":[{"name":"wp","href":"https:\/\/api.w.org\/{rel}","templated":true}]}}