{"id":350,"date":"2024-08-22T21:49:29","date_gmt":"2024-08-22T21:49:29","guid":{"rendered":"https:\/\/zalevski.com\/?page_id=350"},"modified":"2025-04-19T12:18:03","modified_gmt":"2025-04-19T12:18:03","slug":"oferta","status":"publish","type":"page","link":"https:\/\/zalevski.com\/?page_id=350","title":{"rendered":"Oferta"},"content":{"rendered":"\t\t<div data-elementor-type=\"wp-page\" data-elementor-id=\"350\" class=\"elementor elementor-350\">\n\t\t\t\t<div class=\"elementor-element elementor-element-62d4ed0 e-flex e-con-boxed elementor-invisible e-con e-parent\" data-id=\"62d4ed0\" data-element_type=\"container\" data-settings=\"{&quot;animation&quot;:&quot;fadeInDown&quot;}\">\n\t\t\t\t\t<div class=\"e-con-inner\">\n\t\t\t\t<div class=\"elementor-element elementor-element-d2d9033 elementor-widget elementor-widget-heading\" data-id=\"d2d9033\" data-element_type=\"widget\" data-widget_type=\"heading.default\">\n\t\t\t\t<div class=\"elementor-widget-container\">\n\t\t\t\t\t<h1 class=\"elementor-heading-title elementor-size-default\">Oferta<\/h1>\t\t\t\t<\/div>\n\t\t\t\t<\/div>\n\t\t\t\t\t<\/div>\n\t\t\t\t<\/div>\n\t\t<div class=\"elementor-element elementor-element-4f71c4d animated-slow e-con-full e-flex elementor-invisible e-con e-parent\" data-id=\"4f71c4d\" data-element_type=\"container\" data-settings=\"{&quot;animation&quot;:&quot;fadeIn&quot;,&quot;animation_delay&quot;:300}\">\n\t\t<div class=\"elementor-element elementor-element-be58a9f e-con-full e-flex e-con e-child\" data-id=\"be58a9f\" data-element_type=\"container\">\n\t\t\t\t<div class=\"elementor-element elementor-element-a6dd1fc e-transform elementor-view-default elementor-position-top elementor-mobile-position-top elementor-widget elementor-widget-icon-box\" data-id=\"a6dd1fc\" data-element_type=\"widget\" data-settings=\"{&quot;_transform_scale_effect_hover&quot;:{&quot;unit&quot;:&quot;px&quot;,&quot;size&quot;:1.1,&quot;sizes&quot;:[]},&quot;_transform_scale_effect_hover_tablet&quot;:{&quot;unit&quot;:&quot;px&quot;,&quot;size&quot;:&quot;&quot;,&quot;sizes&quot;:[]},&quot;_transform_scale_effect_hover_mobile&quot;:{&quot;unit&quot;:&quot;px&quot;,&quot;size&quot;:&quot;&quot;,&quot;sizes&quot;:[]}}\" data-widget_type=\"icon-box.default\">\n\t\t\t\t<div class=\"elementor-widget-container\">\n\t\t\t\t\t\t\t<div class=\"elementor-icon-box-wrapper\">\n\n\t\t\t\t\t\t<div class=\"elementor-icon-box-icon\">\n\t\t\t\t<span  class=\"elementor-icon elementor-animation-\">\n\t\t\t\t<svg aria-hidden=\"true\" class=\"e-font-icon-svg e-far-clock\" viewBox=\"0 0 512 512\" xmlns=\"http:\/\/www.w3.org\/2000\/svg\"><path d=\"M256 8C119 8 8 119 8 256s111 248 248 248 248-111 248-248S393 8 256 8zm0 448c-110.5 0-200-89.5-200-200S145.5 56 256 56s200 89.5 200 200-89.5 200-200 200zm61.8-104.4l-84.9-61.7c-3.1-2.3-4.9-5.9-4.9-9.7V116c0-6.6 5.4-12 12-12h32c6.6 0 12 5.4 12 12v141.7l66.8 48.6c5.4 3.9 6.5 11.4 2.6 16.8L334.6 349c-3.9 5.3-11.4 6.5-16.8 2.6z\"><\/path><\/svg>\t\t\t\t<\/span>\n\t\t\t<\/div>\n\t\t\t\n\t\t\t\t\t\t<div class=\"elementor-icon-box-content\">\n\n\t\t\t\t\t\t\t\t\t<h5 class=\"elementor-icon-box-title\">\n\t\t\t\t\t\t<span  >\n\t\t\t\t\t\t\tTERMINOWO\t\t\t\t\t\t<\/span>\n\t\t\t\t\t<\/h5>\n\t\t\t\t\n\t\t\t\t\t\t\t\t\t<p class=\"elementor-icon-box-description\">\n\t\t\t\t\t\tProdukt finalny dostarczany w ustalonym terminie\t\t\t\t\t<\/p>\n\t\t\t\t\n\t\t\t<\/div>\n\t\t\t\n\t\t<\/div>\n\t\t\t\t\t\t<\/div>\n\t\t\t\t<\/div>\n\t\t\t\t<\/div>\n\t\t<div class=\"elementor-element elementor-element-43811d6 e-con-full e-flex e-con e-child\" data-id=\"43811d6\" data-element_type=\"container\">\n\t\t\t\t<div class=\"elementor-element elementor-element-0df2d75 e-transform elementor-view-default elementor-position-top elementor-mobile-position-top elementor-widget elementor-widget-icon-box\" data-id=\"0df2d75\" data-element_type=\"widget\" data-settings=\"{&quot;_transform_scale_effect_hover&quot;:{&quot;unit&quot;:&quot;px&quot;,&quot;size&quot;:1.1,&quot;sizes&quot;:[]},&quot;_transform_scale_effect_hover_tablet&quot;:{&quot;unit&quot;:&quot;px&quot;,&quot;size&quot;:&quot;&quot;,&quot;sizes&quot;:[]},&quot;_transform_scale_effect_hover_mobile&quot;:{&quot;unit&quot;:&quot;px&quot;,&quot;size&quot;:&quot;&quot;,&quot;sizes&quot;:[]}}\" data-widget_type=\"icon-box.default\">\n\t\t\t\t<div class=\"elementor-widget-container\">\n\t\t\t\t\t\t\t<div class=\"elementor-icon-box-wrapper\">\n\n\t\t\t\t\t\t<div class=\"elementor-icon-box-icon\">\n\t\t\t\t<span  class=\"elementor-icon elementor-animation-\">\n\t\t\t\t<svg aria-hidden=\"true\" class=\"e-font-icon-svg e-fas-thumbs-up\" viewBox=\"0 0 512 512\" xmlns=\"http:\/\/www.w3.org\/2000\/svg\"><path d=\"M104 224H24c-13.255 0-24 10.745-24 24v240c0 13.255 10.745 24 24 24h80c13.255 0 24-10.745 24-24V248c0-13.255-10.745-24-24-24zM64 472c-13.255 0-24-10.745-24-24s10.745-24 24-24 24 10.745 24 24-10.745 24-24 24zM384 81.452c0 42.416-25.97 66.208-33.277 94.548h101.723c33.397 0 59.397 27.746 59.553 58.098.084 17.938-7.546 37.249-19.439 49.197l-.11.11c9.836 23.337 8.237 56.037-9.308 79.469 8.681 25.895-.069 57.704-16.382 74.757 4.298 17.598 2.244 32.575-6.148 44.632C440.202 511.587 389.616 512 346.839 512l-2.845-.001c-48.287-.017-87.806-17.598-119.56-31.725-15.957-7.099-36.821-15.887-52.651-16.178-6.54-.12-11.783-5.457-11.783-11.998v-213.77c0-3.2 1.282-6.271 3.558-8.521 39.614-39.144 56.648-80.587 89.117-113.111 14.804-14.832 20.188-37.236 25.393-58.902C282.515 39.293 291.817 0 312 0c24 0 72 8 72 81.452z\"><\/path><\/svg>\t\t\t\t<\/span>\n\t\t\t<\/div>\n\t\t\t\n\t\t\t\t\t\t<div class=\"elementor-icon-box-content\">\n\n\t\t\t\t\t\t\t\t\t<h6 class=\"elementor-icon-box-title\">\n\t\t\t\t\t\t<span  >\n\t\t\t\t\t\t\tFACHOWO\t\t\t\t\t\t<\/span>\n\t\t\t\t\t<\/h6>\n\t\t\t\t\n\t\t\t\t\t\t\t\t\t<p class=\"elementor-icon-box-description\">\n\t\t\t\t\t\tKa\u017cdy projekt wykonywany z dba\u0142o\u015bci\u0105 o detale, przy u\u017cyciu profesjonalnego sprz\u0119tu fotograficznego\t\t\t\t\t<\/p>\n\t\t\t\t\n\t\t\t<\/div>\n\t\t\t\n\t\t<\/div>\n\t\t\t\t\t\t<\/div>\n\t\t\t\t<\/div>\n\t\t\t\t<\/div>\n\t\t<div class=\"elementor-element elementor-element-2768b7b e-con-full e-flex e-con e-child\" data-id=\"2768b7b\" data-element_type=\"container\">\n\t\t\t\t<div class=\"elementor-element elementor-element-e2b73e0 e-transform elementor-view-default elementor-position-top elementor-mobile-position-top elementor-widget elementor-widget-icon-box\" data-id=\"e2b73e0\" data-element_type=\"widget\" data-settings=\"{&quot;_transform_scale_effect_hover&quot;:{&quot;unit&quot;:&quot;px&quot;,&quot;size&quot;:1.1,&quot;sizes&quot;:[]},&quot;_transform_scale_effect_hover_tablet&quot;:{&quot;unit&quot;:&quot;px&quot;,&quot;size&quot;:&quot;&quot;,&quot;sizes&quot;:[]},&quot;_transform_scale_effect_hover_mobile&quot;:{&quot;unit&quot;:&quot;px&quot;,&quot;size&quot;:&quot;&quot;,&quot;sizes&quot;:[]}}\" data-widget_type=\"icon-box.default\">\n\t\t\t\t<div class=\"elementor-widget-container\">\n\t\t\t\t\t\t\t<div class=\"elementor-icon-box-wrapper\">\n\n\t\t\t\t\t\t<div class=\"elementor-icon-box-icon\">\n\t\t\t\t<span  class=\"elementor-icon elementor-animation-\">\n\t\t\t\t<svg aria-hidden=\"true\" class=\"e-font-icon-svg e-fas-dollar-sign\" viewBox=\"0 0 288 512\" xmlns=\"http:\/\/www.w3.org\/2000\/svg\"><path d=\"M209.2 233.4l-108-31.6C88.7 198.2 80 186.5 80 173.5c0-16.3 13.2-29.5 29.5-29.5h66.3c12.2 0 24.2 3.7 34.2 10.5 6.1 4.1 14.3 3.1 19.5-2l34.8-34c7.1-6.9 6.1-18.4-1.8-24.5C238 74.8 207.4 64.1 176 64V16c0-8.8-7.2-16-16-16h-32c-8.8 0-16 7.2-16 16v48h-2.5C45.8 64-5.4 118.7.5 183.6c4.2 46.1 39.4 83.6 83.8 96.6l102.5 30c12.5 3.7 21.2 15.3 21.2 28.3 0 16.3-13.2 29.5-29.5 29.5h-66.3C100 368 88 364.3 78 357.5c-6.1-4.1-14.3-3.1-19.5 2l-34.8 34c-7.1 6.9-6.1 18.4 1.8 24.5 24.5 19.2 55.1 29.9 86.5 30v48c0 8.8 7.2 16 16 16h32c8.8 0 16-7.2 16-16v-48.2c46.6-.9 90.3-28.6 105.7-72.7 21.5-61.6-14.6-124.8-72.5-141.7z\"><\/path><\/svg>\t\t\t\t<\/span>\n\t\t\t<\/div>\n\t\t\t\n\t\t\t\t\t\t<div class=\"elementor-icon-box-content\">\n\n\t\t\t\t\t\t\t\t\t<h5 class=\"elementor-icon-box-title\">\n\t\t\t\t\t\t<span  >\n\t\t\t\t\t\t\tNIEDROGO\t\t\t\t\t\t<\/span>\n\t\t\t\t\t<\/h5>\n\t\t\t\t\n\t\t\t\t\t\t\t\t\t<p class=\"elementor-icon-box-description\">\n\t\t\t\t\t\tUs\u0142ugi zawsze w przyst\u0119pnej cenie z mo\u017cliwo\u015bci\u0105 negocjacji\t\t\t\t\t<\/p>\n\t\t\t\t\n\t\t\t<\/div>\n\t\t\t\n\t\t<\/div>\n\t\t\t\t\t\t<\/div>\n\t\t\t\t<\/div>\n\t\t\t\t<\/div>\n\t\t<div class=\"elementor-element elementor-element-7909103 e-con-full e-flex e-con e-child\" data-id=\"7909103\" data-element_type=\"container\">\n\t\t\t\t<div class=\"elementor-element elementor-element-d96e2de e-transform elementor-view-default elementor-position-top elementor-mobile-position-top elementor-widget elementor-widget-icon-box\" data-id=\"d96e2de\" data-element_type=\"widget\" data-settings=\"{&quot;_transform_scale_effect_hover&quot;:{&quot;unit&quot;:&quot;px&quot;,&quot;size&quot;:1.1,&quot;sizes&quot;:[]},&quot;_transform_scale_effect_hover_tablet&quot;:{&quot;unit&quot;:&quot;px&quot;,&quot;size&quot;:&quot;&quot;,&quot;sizes&quot;:[]},&quot;_transform_scale_effect_hover_mobile&quot;:{&quot;unit&quot;:&quot;px&quot;,&quot;size&quot;:&quot;&quot;,&quot;sizes&quot;:[]}}\" data-widget_type=\"icon-box.default\">\n\t\t\t\t<div class=\"elementor-widget-container\">\n\t\t\t\t\t\t\t<div class=\"elementor-icon-box-wrapper\">\n\n\t\t\t\t\t\t<div class=\"elementor-icon-box-icon\">\n\t\t\t\t<span  class=\"elementor-icon elementor-animation-\">\n\t\t\t\t<svg aria-hidden=\"true\" class=\"e-font-icon-svg e-far-handshake\" viewBox=\"0 0 640 512\" xmlns=\"http:\/\/www.w3.org\/2000\/svg\"><path d=\"M519.2 127.9l-47.6-47.6A56.252 56.252 0 0 0 432 64H205.2c-14.8 0-29.1 5.9-39.6 16.3L118 127.9H0v255.7h64c17.6 0 31.8-14.2 31.9-31.7h9.1l84.6 76.4c30.9 25.1 73.8 25.7 105.6 3.8 12.5 10.8 26 15.9 41.1 15.9 18.2 0 35.3-7.4 48.8-24 22.1 8.7 48.2 2.6 64-16.8l26.2-32.3c5.6-6.9 9.1-14.8 10.9-23h57.9c.1 17.5 14.4 31.7 31.9 31.7h64V127.9H519.2zM48 351.6c-8.8 0-16-7.2-16-16s7.2-16 16-16 16 7.2 16 16c0 8.9-7.2 16-16 16zm390-6.9l-26.1 32.2c-2.8 3.4-7.8 4-11.3 1.2l-23.9-19.4-30 36.5c-6 7.3-15 4.8-18 2.4l-36.8-31.5-15.6 19.2c-13.9 17.1-39.2 19.7-55.3 6.6l-97.3-88H96V175.8h41.9l61.7-61.6c2-.8 3.7-1.5 5.7-2.3H262l-38.7 35.5c-29.4 26.9-31.1 72.3-4.4 101.3 14.8 16.2 61.2 41.2 101.5 4.4l8.2-7.5 108.2 87.8c3.4 2.8 3.9 7.9 1.2 11.3zm106-40.8h-69.2c-2.3-2.8-4.9-5.4-7.7-7.7l-102.7-83.4 12.5-11.4c6.5-6 7-16.1 1-22.6L367 167.1c-6-6.5-16.1-6.9-22.6-1l-55.2 50.6c-9.5 8.7-25.7 9.4-34.6 0-9.3-9.9-8.5-25.1 1.2-33.9l65.6-60.1c7.4-6.8 17-10.5 27-10.5l83.7-.2c2.1 0 4.1.8 5.5 2.3l61.7 61.6H544v128zm48 47.7c-8.8 0-16-7.2-16-16s7.2-16 16-16 16 7.2 16 16c0 8.9-7.2 16-16 16z\"><\/path><\/svg>\t\t\t\t<\/span>\n\t\t\t<\/div>\n\t\t\t\n\t\t\t\t\t\t<div class=\"elementor-icon-box-content\">\n\n\t\t\t\t\t\t\t\t\t<h6 class=\"elementor-icon-box-title\">\n\t\t\t\t\t\t<span  >\n\t\t\t\t\t\t\tZ GWARANCJ\u0104\t\t\t\t\t\t<\/span>\n\t\t\t\t\t<\/h6>\n\t\t\t\t\n\t\t\t\t\t\t\t\t\t<p class=\"elementor-icon-box-description\">\n\t\t\t\t\t\tSatysfakcja gwarantowana lub zwrot pieni\u0119dzy\t\t\t\t\t<\/p>\n\t\t\t\t\n\t\t\t<\/div>\n\t\t\t\n\t\t<\/div>\n\t\t\t\t\t\t<\/div>\n\t\t\t\t<\/div>\n\t\t\t\t<\/div>\n\t\t\t\t<\/div>\n\t\t<div class=\"elementor-element elementor-element-9f0fcba e-flex e-con-boxed elementor-invisible e-con e-parent\" data-id=\"9f0fcba\" data-element_type=\"container\" data-settings=\"{&quot;animation&quot;:&quot;fadeInUp&quot;}\">\n\t\t\t\t\t<div class=\"e-con-inner\">\n\t\t<div class=\"elementor-element elementor-element-76dee91 e-con-full e-flex e-con e-child\" data-id=\"76dee91\" data-element_type=\"container\">\n\t\t\t\t<div class=\"elementor-element elementor-element-affe8a0 elementor-widget elementor-widget-heading\" data-id=\"affe8a0\" data-element_type=\"widget\" data-widget_type=\"heading.default\">\n\t\t\t\t<div class=\"elementor-widget-container\">\n\t\t\t\t\t<h2 class=\"elementor-heading-title elementor-size-default\">Reporta\u017c \u015blubny,<br>\nI komunie \u015bwi\u0119te,<br>\nchrzty\u2026<\/h2>\t\t\t\t<\/div>\n\t\t\t\t<\/div>\n\t\t\t\t<\/div>\n\t\t<div class=\"elementor-element elementor-element-ddf9726 e-con-full e-flex e-con e-child\" data-id=\"ddf9726\" data-element_type=\"container\">\n\t\t\t\t<div class=\"elementor-element elementor-element-cfc2eab elementor-widget elementor-widget-image\" data-id=\"cfc2eab\" data-element_type=\"widget\" data-widget_type=\"image.default\">\n\t\t\t\t<div class=\"elementor-widget-container\">\n\t\t\t\t\t\t\t\t\t\t\t\t\t\t\t<img fetchpriority=\"high\" decoding=\"async\" width=\"995\" height=\"1024\" src=\"https:\/\/zalevski.com\/wp-content\/uploads\/2024\/08\/AM-8-e1724371986763-995x1024.jpg\" class=\"attachment-large size-large wp-image-31\" alt=\"\" srcset=\"https:\/\/zalevski.com\/wp-content\/uploads\/2024\/08\/AM-8-e1724371986763-995x1024.jpg 995w, https:\/\/zalevski.com\/wp-content\/uploads\/2024\/08\/AM-8-e1724371986763-291x300.jpg 291w, https:\/\/zalevski.com\/wp-content\/uploads\/2024\/08\/AM-8-e1724371986763-768x791.jpg 768w, https:\/\/zalevski.com\/wp-content\/uploads\/2024\/08\/AM-8-e1724371986763.jpg 1259w\" sizes=\"(max-width: 995px) 100vw, 995px\" \/>\t\t\t\t\t\t\t\t\t\t\t\t\t\t\t<\/div>\n\t\t\t\t<\/div>\n\t\t\t\t<\/div>\n\t\t\t\t\t<\/div>\n\t\t\t\t<\/div>\n\t\t<div class=\"elementor-element elementor-element-8661951 e-flex e-con-boxed elementor-invisible e-con e-parent\" data-id=\"8661951\" data-element_type=\"container\" data-settings=\"{&quot;animation&quot;:&quot;fadeInUp&quot;}\">\n\t\t\t\t\t<div class=\"e-con-inner\">\n\t\t<div class=\"elementor-element elementor-element-823c2ab e-con-full e-flex e-con e-child\" data-id=\"823c2ab\" data-element_type=\"container\">\n\t\t\t\t<div class=\"elementor-element elementor-element-8945d14 elementor-widget elementor-widget-image\" data-id=\"8945d14\" data-element_type=\"widget\" data-widget_type=\"image.default\">\n\t\t\t\t<div class=\"elementor-widget-container\">\n\t\t\t\t\t\t\t\t\t\t\t\t\t\t\t<img decoding=\"async\" width=\"1008\" height=\"1024\" src=\"https:\/\/zalevski.com\/wp-content\/uploads\/2024\/08\/DSC_2012-Edit-e1724372034843-1008x1024.jpg\" class=\"attachment-large size-large wp-image-50\" alt=\"\" srcset=\"https:\/\/zalevski.com\/wp-content\/uploads\/2024\/08\/DSC_2012-Edit-e1724372034843-1008x1024.jpg 1008w, https:\/\/zalevski.com\/wp-content\/uploads\/2024\/08\/DSC_2012-Edit-e1724372034843-295x300.jpg 295w, https:\/\/zalevski.com\/wp-content\/uploads\/2024\/08\/DSC_2012-Edit-e1724372034843-768x780.jpg 768w, https:\/\/zalevski.com\/wp-content\/uploads\/2024\/08\/DSC_2012-Edit-e1724372034843.jpg 1092w\" sizes=\"(max-width: 1008px) 100vw, 1008px\" \/>\t\t\t\t\t\t\t\t\t\t\t\t\t\t\t<\/div>\n\t\t\t\t<\/div>\n\t\t\t\t<\/div>\n\t\t<div class=\"elementor-element elementor-element-53f82ca e-con-full e-flex e-con e-child\" data-id=\"53f82ca\" data-element_type=\"container\">\n\t\t\t\t<div class=\"elementor-element elementor-element-d28a251 elementor-widget elementor-widget-heading\" data-id=\"d28a251\" data-element_type=\"widget\" data-widget_type=\"heading.default\">\n\t\t\t\t<div class=\"elementor-widget-container\">\n\t\t\t\t\t<h2 class=\"elementor-heading-title elementor-size-default\">Sesje rodzinne, <br>narzecze\u0144skie,<br>brzuszkowe,<br>new-born\u2026<\/h2>\t\t\t\t<\/div>\n\t\t\t\t<\/div>\n\t\t\t\t<\/div>\n\t\t\t\t\t<\/div>\n\t\t\t\t<\/div>\n\t\t<div class=\"elementor-element elementor-element-e49323f e-flex e-con-boxed elementor-invisible e-con e-parent\" data-id=\"e49323f\" data-element_type=\"container\" data-settings=\"{&quot;animation&quot;:&quot;fadeInUp&quot;}\">\n\t\t\t\t\t<div class=\"e-con-inner\">\n\t\t<div class=\"elementor-element elementor-element-66c9647 e-con-full e-flex e-con e-child\" data-id=\"66c9647\" data-element_type=\"container\">\n\t\t\t\t<div class=\"elementor-element elementor-element-62e1c42 elementor-widget elementor-widget-heading\" data-id=\"62e1c42\" data-element_type=\"widget\" data-widget_type=\"heading.default\">\n\t\t\t\t<div class=\"elementor-widget-container\">\n\t\t\t\t\t<h2 class=\"elementor-heading-title elementor-size-default\">Zdj\u0119cia produktowe, fotografia wn\u0119trz, motoryzacyjna, zdj\u0119cia pojazd\u00f3w do portali sprzeda\u017cowych\u2026<\/h2>\t\t\t\t<\/div>\n\t\t\t\t<\/div>\n\t\t\t\t<\/div>\n\t\t<div class=\"elementor-element elementor-element-10af312 e-con-full e-flex e-con e-child\" data-id=\"10af312\" data-element_type=\"container\">\n\t\t\t\t<div class=\"elementor-element elementor-element-10325c9 elementor-widget elementor-widget-image\" data-id=\"10325c9\" data-element_type=\"widget\" data-widget_type=\"image.default\">\n\t\t\t\t<div class=\"elementor-widget-container\">\n\t\t\t\t\t\t\t\t\t\t\t\t\t\t\t<img decoding=\"async\" width=\"1024\" height=\"681\" src=\"https:\/\/zalevski.com\/wp-content\/uploads\/2024\/08\/UNADJUSTEDNONRAW_thumb_ed0-e1724372063848-1024x681.jpg\" class=\"attachment-large size-large wp-image-123\" alt=\"\" srcset=\"https:\/\/zalevski.com\/wp-content\/uploads\/2024\/08\/UNADJUSTEDNONRAW_thumb_ed0-e1724372063848-1024x681.jpg 1024w, https:\/\/zalevski.com\/wp-content\/uploads\/2024\/08\/UNADJUSTEDNONRAW_thumb_ed0-e1724372063848-300x200.jpg 300w, https:\/\/zalevski.com\/wp-content\/uploads\/2024\/08\/UNADJUSTEDNONRAW_thumb_ed0-e1724372063848-768x511.jpg 768w, https:\/\/zalevski.com\/wp-content\/uploads\/2024\/08\/UNADJUSTEDNONRAW_thumb_ed0-e1724372063848.jpg 1070w\" sizes=\"(max-width: 1024px) 100vw, 1024px\" \/>\t\t\t\t\t\t\t\t\t\t\t\t\t\t\t<\/div>\n\t\t\t\t<\/div>\n\t\t\t\t<\/div>\n\t\t\t\t\t<\/div>\n\t\t\t\t<\/div>\n\t\t<div class=\"elementor-element elementor-element-eab828a e-flex e-con-boxed elementor-invisible e-con e-parent\" data-id=\"eab828a\" data-element_type=\"container\" data-settings=\"{&quot;animation&quot;:&quot;fadeInUp&quot;}\">\n\t\t\t\t\t<div class=\"e-con-inner\">\n\t\t<div class=\"elementor-element elementor-element-4681868 e-con-full e-flex e-con e-child\" data-id=\"4681868\" data-element_type=\"container\">\n\t\t\t\t<div class=\"elementor-element elementor-element-dec4d35 elementor-widget elementor-widget-image\" data-id=\"dec4d35\" data-element_type=\"widget\" data-widget_type=\"image.default\">\n\t\t\t\t<div class=\"elementor-widget-container\">\n\t\t\t\t\t\t\t\t\t\t\t\t\t\t\t<img loading=\"lazy\" decoding=\"async\" width=\"960\" height=\"640\" src=\"https:\/\/zalevski.com\/wp-content\/uploads\/2024\/08\/UNADJUSTEDNONRAW_thumb_1cf-2.jpg\" class=\"attachment-large size-large wp-image-109\" alt=\"\" srcset=\"https:\/\/zalevski.com\/wp-content\/uploads\/2024\/08\/UNADJUSTEDNONRAW_thumb_1cf-2.jpg 960w, https:\/\/zalevski.com\/wp-content\/uploads\/2024\/08\/UNADJUSTEDNONRAW_thumb_1cf-2-300x200.jpg 300w, https:\/\/zalevski.com\/wp-content\/uploads\/2024\/08\/UNADJUSTEDNONRAW_thumb_1cf-2-768x512.jpg 768w\" sizes=\"(max-width: 960px) 100vw, 960px\" \/>\t\t\t\t\t\t\t\t\t\t\t\t\t\t\t<\/div>\n\t\t\t\t<\/div>\n\t\t\t\t<\/div>\n\t\t<div class=\"elementor-element elementor-element-59b917e e-con-full e-flex e-con e-child\" data-id=\"59b917e\" data-element_type=\"container\">\n\t\t\t\t<div class=\"elementor-element elementor-element-9631f3d elementor-widget elementor-widget-heading\" data-id=\"9631f3d\" data-element_type=\"widget\" data-widget_type=\"heading.default\">\n\t\t\t\t<div class=\"elementor-widget-container\">\n\t\t\t\t\t<h2 class=\"elementor-heading-title elementor-size-default\">Panoramy sferyczne,<br>spacery wirtualne\u2026<\/h2>\t\t\t\t<\/div>\n\t\t\t\t<\/div>\n\t\t\t\t<\/div>\n\t\t\t\t\t<\/div>\n\t\t\t\t<\/div>\n\t\t<div class=\"elementor-element elementor-element-5fe0cf3 e-flex e-con-boxed elementor-invisible e-con e-parent\" data-id=\"5fe0cf3\" data-element_type=\"container\" data-settings=\"{&quot;animation&quot;:&quot;fadeInUp&quot;}\">\n\t\t\t\t\t<div class=\"e-con-inner\">\n\t\t<div class=\"elementor-element elementor-element-a09000f e-con-full e-flex e-con e-child\" data-id=\"a09000f\" data-element_type=\"container\">\n\t\t\t\t<div class=\"elementor-element elementor-element-198483c elementor-widget elementor-widget-heading\" data-id=\"198483c\" data-element_type=\"widget\" data-widget_type=\"heading.default\">\n\t\t\t\t<div class=\"elementor-widget-container\">\n\t\t\t\t\t<h2 class=\"elementor-heading-title elementor-size-default\">Zdj\u0119cia oraz filmy z drona, tak\u017ce FPV. Inspekcje i modelowanie 3D.<\/h2>\t\t\t\t<\/div>\n\t\t\t\t<\/div>\n\t\t\t\t<\/div>\n\t\t<div class=\"elementor-element elementor-element-18cebf4 e-con-full e-flex e-con e-child\" data-id=\"18cebf4\" data-element_type=\"container\">\n\t\t\t\t<div class=\"elementor-element elementor-element-fc0ef3f elementor-widget elementor-widget-image\" data-id=\"fc0ef3f\" data-element_type=\"widget\" data-widget_type=\"image.default\">\n\t\t\t\t<div class=\"elementor-widget-container\">\n\t\t\t\t\t\t\t\t\t\t\t\t\t\t\t<img loading=\"lazy\" decoding=\"async\" width=\"1024\" height=\"580\" src=\"https:\/\/zalevski.com\/wp-content\/uploads\/2025\/04\/465050583_8999737460090356_419592994086876364_n-1024x580.jpg\" class=\"attachment-large size-large wp-image-1138\" alt=\"\" srcset=\"https:\/\/zalevski.com\/wp-content\/uploads\/2025\/04\/465050583_8999737460090356_419592994086876364_n-1024x580.jpg 1024w, https:\/\/zalevski.com\/wp-content\/uploads\/2025\/04\/465050583_8999737460090356_419592994086876364_n-300x170.jpg 300w, https:\/\/zalevski.com\/wp-content\/uploads\/2025\/04\/465050583_8999737460090356_419592994086876364_n-768x435.jpg 768w, https:\/\/zalevski.com\/wp-content\/uploads\/2025\/04\/465050583_8999737460090356_419592994086876364_n-1536x870.jpg 1536w, https:\/\/zalevski.com\/wp-content\/uploads\/2025\/04\/465050583_8999737460090356_419592994086876364_n.jpg 1665w\" sizes=\"(max-width: 1024px) 100vw, 1024px\" \/>\t\t\t\t\t\t\t\t\t\t\t\t\t\t\t<\/div>\n\t\t\t\t<\/div>\n\t\t\t\t<\/div>\n\t\t\t\t\t<\/div>\n\t\t\t\t<\/div>\n\t\t<div class=\"elementor-element elementor-element-2401ce7 e-flex e-con-boxed e-con e-parent\" data-id=\"2401ce7\" data-element_type=\"container\">\n\t\t\t\t\t<div class=\"e-con-inner\">\n\t\t\t\t<div class=\"elementor-element elementor-element-9e5e096 elementor-widget elementor-widget-heading\" data-id=\"9e5e096\" data-element_type=\"widget\" data-widget_type=\"heading.default\">\n\t\t\t\t<div class=\"elementor-widget-container\">\n\t\t\t\t\t<h2 class=\"elementor-heading-title elementor-size-default\">\u2026i wiele, wiele innych.<BR>W celu uzyskania szczeg\u00f3\u0142owych informacji, cen<BR>lub rezerwacji terminu sesji zdj\u0119ciowej, prosz\u0119 o kontakt telefoniczny.<\/h2>\t\t\t\t<\/div>\n\t\t\t\t<\/div>\n\t\t\t\t\t<\/div>\n\t\t\t\t<\/div>\n\t\t\t\t<\/div>\n\t\t","protected":false},"excerpt":{"rendered":"<p>Oferta TERMINOWO Produkt finalny dostarczany w ustalonym terminie FACHOWO Ka\u017cdy projekt wykonywany z dba\u0142o\u015bci\u0105 o detale, przy u\u017cyciu profesjonalnego sprz\u0119tu fotograficznego NIEDROGO Us\u0142ugi zawsze w przyst\u0119pnej cenie z mo\u017cliwo\u015bci\u0105 negocjacji Z GWARANCJ\u0104 Satysfakcja gwarantowana lub zwrot pieni\u0119dzy Reporta\u017c \u015blubny, I komunie \u015bwi\u0119te, chrzty\u2026 Sesje rodzinne, narzecze\u0144skie,brzuszkowe,new-born\u2026 Zdj\u0119cia produktowe, fotografia wn\u0119trz, motoryzacyjna, zdj\u0119cia pojazd\u00f3w do portali [&hellip;]<\/p>\n","protected":false},"author":1,"featured_media":0,"parent":0,"menu_order":0,"comment_status":"closed","ping_status":"closed","template":"","meta":{"footnotes":""},"class_list":["post-350","page","type-page","status-publish","hentry"],"_links":{"self":[{"href":"https:\/\/zalevski.com\/index.php?rest_route=\/wp\/v2\/pages\/350","targetHints":{"allow":["GET"]}}],"collection":[{"href":"https:\/\/zalevski.com\/index.php?rest_route=\/wp\/v2\/pages"}],"about":[{"href":"https:\/\/zalevski.com\/index.php?rest_route=\/wp\/v2\/types\/page"}],"author":[{"embeddable":true,"href":"https:\/\/zalevski.com\/index.php?rest_route=\/wp\/v2\/users\/1"}],"replies":[{"embeddable":true,"href":"https:\/\/zalevski.com\/index.php?rest_route=%2Fwp%2Fv2%2Fcomments&post=350"}],"version-history":[{"count":108,"href":"https:\/\/zalevski.com\/index.php?rest_route=\/wp\/v2\/pages\/350\/revisions"}],"predecessor-version":[{"id":1141,"href":"https:\/\/zalevski.com\/index.php?rest_route=\/wp\/v2\/pages\/350\/revisions\/1141"}],"wp:attachment":[{"href":"https:\/\/zalevski.com\/index.php?rest_route=%2Fwp%2Fv2%2Fmedia&parent=350"}],"curies":[{"name":"wp","href":"https:\/\/api.w.org\/{rel}","templated":true}]}}