{"id":353,"date":"2024-08-22T21:49:12","date_gmt":"2024-08-22T21:49:12","guid":{"rendered":"https:\/\/zalevski.com\/?page_id=353"},"modified":"2025-01-15T17:02:45","modified_gmt":"2025-01-15T17:02:45","slug":"galeria","status":"publish","type":"page","link":"https:\/\/zalevski.com\/?page_id=353","title":{"rendered":"Galeria"},"content":{"rendered":"\t\t<div data-elementor-type=\"wp-page\" data-elementor-id=\"353\" class=\"elementor elementor-353\">\n\t\t\t\t<div class=\"elementor-element elementor-element-295da0a e-flex e-con-boxed elementor-invisible e-con e-parent\" data-id=\"295da0a\" data-element_type=\"container\" data-settings=\"{&quot;animation&quot;:&quot;fadeInDown&quot;}\">\n\t\t\t\t\t<div class=\"e-con-inner\">\n\t\t\t\t<div class=\"elementor-element elementor-element-f591b71 elementor-widget elementor-widget-heading\" data-id=\"f591b71\" data-element_type=\"widget\" data-widget_type=\"heading.default\">\n\t\t\t\t<div class=\"elementor-widget-container\">\n\t\t\t\t\t<h1 class=\"elementor-heading-title elementor-size-default\">Galeria (w trakcie budowy)<span style=\"font-size: 80px;font-weight: 400;text-align: var(--text-align);color: var(--wp--preset--color--foreground)\"><\/span><\/h1>\t\t\t\t<\/div>\n\t\t\t\t<\/div>\n\t\t\t\t\t<\/div>\n\t\t\t\t<\/div>\n\t\t<div class=\"elementor-element elementor-element-814c569 e-flex e-con-boxed e-con e-parent\" data-id=\"814c569\" data-element_type=\"container\">\n\t\t\t\t\t<div class=\"e-con-inner\">\n\t\t\t\t<div class=\"elementor-element elementor-element-233d71b eael-fg-hoverer-content-align-left elementor-widget elementor-widget-eael-filterable-gallery\" data-id=\"233d71b\" data-element_type=\"widget\" data-settings=\"{&quot;photo_gallery&quot;:&quot;yes&quot;,&quot;pagination&quot;:&quot;false&quot;}\" data-widget_type=\"eael-filterable-gallery.default\">\n\t\t\t\t<div class=\"elementor-widget-container\">\n\t\t\t\t\t<style id=\"eael-fg-inline-css-233d71b\">@media only screen and (max-width: 2399px) {\n\t\t\t\t\t.elementor-element.elementor-element-233d71b .eael-filterable-gallery-item-wrap {\n\t\t\t\t\t        width: 25%;\n\t\t\t\t\t    }\n\t\t\t\t\t}@media only screen and (max-width: 1024px) {\n\t\t\t\t\t.elementor-element.elementor-element-233d71b  .eael-filterable-gallery-item-wrap {\n\t\t\t\t\t        width: 50%;\n\t\t\t\t\t    }\n\t\t\t\t\t}@media only screen and (max-width: 767px) {\n\t\t\t\t\t.elementor-element.elementor-element-233d71b  .eael-filterable-gallery-item-wrap {\n\t\t\t\t\t        width: 100%;\n\t\t\t\t\t    }\n\t\t\t\t\t}<\/style>        <div id=\"eael-filter-gallery-wrapper-233d71b\" class=\"eael-filter-gallery-wrapper\" data-layout-mode=\"hoverer\" data-breakpoints=\"{&quot;mobile&quot;:{&quot;label&quot;:&quot;Mobilny Pionowy&quot;,&quot;value&quot;:767,&quot;default_value&quot;:767,&quot;direction&quot;:&quot;max&quot;,&quot;is_enabled&quot;:true},&quot;mobile_extra&quot;:{&quot;label&quot;:&quot;Mobilny Poziomy&quot;,&quot;value&quot;:880,&quot;default_value&quot;:880,&quot;direction&quot;:&quot;max&quot;,&quot;is_enabled&quot;:false},&quot;tablet&quot;:{&quot;label&quot;:&quot;Portret tabletu&quot;,&quot;value&quot;:1024,&quot;default_value&quot;:1024,&quot;direction&quot;:&quot;max&quot;,&quot;is_enabled&quot;:true},&quot;tablet_extra&quot;:{&quot;label&quot;:&quot;Ekran tabletu&quot;,&quot;value&quot;:1200,&quot;default_value&quot;:1200,&quot;direction&quot;:&quot;max&quot;,&quot;is_enabled&quot;:false},&quot;laptop&quot;:{&quot;label&quot;:&quot;Laptop&quot;,&quot;value&quot;:1366,&quot;default_value&quot;:1366,&quot;direction&quot;:&quot;max&quot;,&quot;is_enabled&quot;:false},&quot;widescreen&quot;:{&quot;label&quot;:&quot;Szeroki ekran&quot;,&quot;value&quot;:2400,&quot;default_value&quot;:2400,&quot;direction&quot;:&quot;min&quot;,&quot;is_enabled&quot;:false}}\" data-default_control_key=\"0\" data-custom_default_control=\"\">\n            \n                        <div class=\"eael-filter-gallery-control\">\n                <ul><li data-load-more-status=\"0\" data-first-init=\"1\" class=\"control all-control  active \" data-filter=\"*\">wszystkie<\/li><li  data-load-more-status=\"0\" data-first-init=\"0\"\n                        class=\"control \" data-filter=\".eael-cf-dron\">dron<\/li><li  data-load-more-status=\"0\" data-first-init=\"0\"\n                        class=\"control \" data-filter=\".eael-cf-\u015blub\">\u015blub<\/li><li  data-load-more-status=\"0\" data-first-init=\"0\"\n                        class=\"control \" data-filter=\".eael-cf-dzieci\">dzieci<\/li><li  data-load-more-status=\"0\" data-first-init=\"0\"\n                        class=\"control \" data-filter=\".eael-cf-new-born\">new-born<\/li><li  data-load-more-status=\"0\" data-first-init=\"0\"\n                        class=\"control \" data-filter=\".eael-cf-\u015bwi\u0119ta\">\u015bwi\u0119ta<\/li><li  data-load-more-status=\"0\" data-first-init=\"0\"\n                        class=\"control \" data-filter=\".eael-cf-dla-firm\">dla firm<\/li><li  data-load-more-status=\"0\" data-first-init=\"0\"\n                        class=\"control \" data-filter=\".eael-cf-r\u00f3\u017cne\">r\u00f3\u017cne<\/li><li  data-load-more-status=\"0\" data-first-init=\"0\"\n                        class=\"control \" data-filter=\".eael-cf-wideo\">wideo<\/li><\/ul>\n            <\/div>\n            \n            <div class=\"eael-filter-gallery-container masonry\" data-images-per-page=\"\" data-total-gallery-items=\"2\" data-nomore-item-text=\"\" data-is-randomize=\"yes\" data-settings=\"{&quot;grid_style&quot;:&quot;masonry&quot;,&quot;popup&quot;:&quot;buttons&quot;,&quot;duration&quot;:500,&quot;gallery_enabled&quot;:&quot;yes&quot;,&quot;video_gallery_yt_privacy&quot;:&quot;&quot;,&quot;control_all_text&quot;:&quot;wszystkie&quot;,&quot;post_id&quot;:353,&quot;widget_id&quot;:&quot;233d71b&quot;}\" data-search-all=\"\" data-gallery-items=\"WyI8ZGl2IGNsYXNzPVwiZWFlbC1maWx0ZXJhYmxlLWdhbGxlcnktaXRlbS13cmFwIGVhZWwtY2YtZHppZWNpXCI+XG5cdFx0XHRcdDxkaXYgY2xhc3M9XCJlYWVsLWdhbGxlcnktZ3JpZC1pdGVtXCI+PGRpdiBjbGFzcz1cImdhbGxlcnktaXRlbS10aHVtYm5haWwtd3JhcFwiPjxpbWcgc3JjPVwiaHR0cHM6XC9cL3phbGV2c2tpLmNvbVwvd3AtY29udGVudFwvdXBsb2Fkc1wvMjAyNVwvMDFcLzQ2NDI4ODMyOF84OTg5NTQ1OTg3Nzc2MTcwXzU5NTY5NTQzNzU2Nzk5NTgzOTVfbi5qcGdcIiBkYXRhLWxhenktc3JjPVwiaHR0cHM6XC9cL3phbGV2c2tpLmNvbVwvd3AtY29udGVudFwvdXBsb2Fkc1wvMjAyNVwvMDFcLzQ2NDI4ODMyOF84OTg5NTQ1OTg3Nzc2MTcwXzU5NTY5NTQzNzU2Nzk5NTgzOTVfbi5qcGdcIiBhbHQ9XCJcIiBjbGFzcz1cImdhbGxlcnktaXRlbS10aHVtYm5haWxcIj48XC9kaXY+PGRpdiBjbGFzcz1cImdhbGxlcnktaXRlbS1jYXB0aW9uLXdyYXAgY2FwdGlvbi1zdHlsZS1ob3ZlcmVyIGVhZWwtc2xpZGUtdXBcIj48ZGl2IGNsYXNzPVwiZ2FsbGVyeS1pdGVtLWhvdmVyZXItYmdcIj48XC9kaXY+PGRpdiBjbGFzcz1cImdhbGxlcnktaXRlbS1jYXB0aW9uLW92ZXJcIj48ZGl2IGNsYXNzPVwiZmctaXRlbS1jb250ZW50XCI+PHA+QWxhbiwgSGFsbG93ZWVuIDIwMjQ8XC9wPlxuPFwvZGl2PjxkaXYgY2xhc3M9XCJnYWxsZXJ5LWl0ZW0tYnV0dG9uc1wiPjxhIGFyZWEtaGlkZGVuPVwidHJ1ZVwiIGFyaWEtbGFiZWw9XCJlYWVsLW1hZ25pZmljLWxpbmtcIiBocmVmPVwiaHR0cHM6XC9cL3phbGV2c2tpLmNvbVwvd3AtY29udGVudFwvdXBsb2Fkc1wvMjAyNVwvMDFcLzQ2NDI4ODMyOF84OTg5NTQ1OTg3Nzc2MTcwXzU5NTY5NTQzNzU2Nzk5NTgzOTVfbi5qcGdcIiBjbGFzcz1cImVhZWwtbWFnbmlmaWMtbGluayBlYWVsLW1hZ25pZmljLWxpbmstY2xvbmUgYWN0aXZlXCIgZGF0YS1lbGVtZW50b3Itb3Blbi1saWdodGJveD1cInllc1wiIHRpdGxlPVwiXCI+PHNwYW4gY2xhc3M9XCJmZy1pdGVtLWljb24taW5uZXJcIj48aSBjbGFzcz1cImZhcyBmYS1zZWFyY2gtcGx1c1wiIGFyaWEtaGlkZGVuPVwidHJ1ZVwiPjxcL2k+PFwvc3Bhbj5cbiAgICAgICAgICAgIDxcL2E+ICAgICAgICAgICAgICAgIDxhIGhyZWY9XCJodHRwczpcL1wvemFsZXZza2kuY29tXC8\/cGFnZV9pZD05OTVcIiBhcmlhLWxhYmVsPVwiZWFlbC1pdGVtLW1heWJlLWxpbmtcIj4gPHNwYW4gY2xhc3M9XCJmZy1pdGVtLWljb24taW5uZXJcIj48aSBjbGFzcz1cImZhciBmYS1pbWFnZXNcIiBhcmlhLWhpZGRlbj1cInRydWVcIj48XC9pPjxcL3NwYW4+PFwvYT48XC9kaXY+PFwvZGl2PjxcL2Rpdj48XC9kaXY+PFwvZGl2PiIsIjxkaXYgY2xhc3M9XCJlYWVsLWZpbHRlcmFibGUtZ2FsbGVyeS1pdGVtLXdyYXAgZWFlbC1jZi1kemllY2lcIj5cblx0XHRcdFx0PGRpdiBjbGFzcz1cImVhZWwtZ2FsbGVyeS1ncmlkLWl0ZW1cIj48ZGl2IGNsYXNzPVwiZ2FsbGVyeS1pdGVtLXRodW1ibmFpbC13cmFwXCI+PGltZyBzcmM9XCJodHRwczpcL1wvemFsZXZza2kuY29tXC93cC1jb250ZW50XC91cGxvYWRzXC8yMDI1XC8wMVwvNDY1MDU3NjI2Xzg5ODg5ODA2ODc4MzI3MDBfMTQ5NDI4NzY4NzQ5NDkxNTkwM19uLmpwZ1wiIGRhdGEtbGF6eS1zcmM9XCJodHRwczpcL1wvemFsZXZza2kuY29tXC93cC1jb250ZW50XC91cGxvYWRzXC8yMDI1XC8wMVwvNDY1MDU3NjI2Xzg5ODg5ODA2ODc4MzI3MDBfMTQ5NDI4NzY4NzQ5NDkxNTkwM19uLmpwZ1wiIGFsdD1cIlwiIGNsYXNzPVwiZ2FsbGVyeS1pdGVtLXRodW1ibmFpbFwiPjxcL2Rpdj48ZGl2IGNsYXNzPVwiZ2FsbGVyeS1pdGVtLWNhcHRpb24td3JhcCBjYXB0aW9uLXN0eWxlLWhvdmVyZXIgZWFlbC1zbGlkZS11cFwiPjxkaXYgY2xhc3M9XCJnYWxsZXJ5LWl0ZW0taG92ZXJlci1iZ1wiPjxcL2Rpdj48ZGl2IGNsYXNzPVwiZ2FsbGVyeS1pdGVtLWNhcHRpb24tb3ZlclwiPjxkaXYgY2xhc3M9XCJmZy1pdGVtLWNvbnRlbnRcIj48cD5TdGFcdTAxNWIsIEhhbGxvd2VlbiAyMDI0PFwvcD5cbjxcL2Rpdj48ZGl2IGNsYXNzPVwiZ2FsbGVyeS1pdGVtLWJ1dHRvbnNcIj48YSBhcmVhLWhpZGRlbj1cInRydWVcIiBhcmlhLWxhYmVsPVwiZWFlbC1tYWduaWZpYy1saW5rXCIgaHJlZj1cImh0dHBzOlwvXC96YWxldnNraS5jb21cL3dwLWNvbnRlbnRcL3VwbG9hZHNcLzIwMjVcLzAxXC80NjUwNTc2MjZfODk4ODk4MDY4NzgzMjcwMF8xNDk0Mjg3Njg3NDk0OTE1OTAzX24uanBnXCIgY2xhc3M9XCJlYWVsLW1hZ25pZmljLWxpbmsgZWFlbC1tYWduaWZpYy1saW5rLWNsb25lIGFjdGl2ZVwiIGRhdGEtZWxlbWVudG9yLW9wZW4tbGlnaHRib3g9XCJ5ZXNcIiB0aXRsZT1cIlwiPjxzcGFuIGNsYXNzPVwiZmctaXRlbS1pY29uLWlubmVyXCI+PGkgY2xhc3M9XCJmYXMgZmEtc2VhcmNoLXBsdXNcIiBhcmlhLWhpZGRlbj1cInRydWVcIj48XC9pPjxcL3NwYW4+XG4gICAgICAgICAgICA8XC9hPiAgICAgICAgICAgICAgICA8YSBocmVmPVwiaHR0cHM6XC9cL3phbGV2c2tpLmNvbVwvP3BhZ2VfaWQ9XCIgYXJpYS1sYWJlbD1cImVhZWwtaXRlbS1tYXliZS1saW5rXCI+IDxzcGFuIGNsYXNzPVwiZmctaXRlbS1pY29uLWlubmVyXCI+PGkgY2xhc3M9XCJmYXIgZmEtaW1hZ2VzXCIgYXJpYS1oaWRkZW49XCJ0cnVlXCI+PFwvaT48XC9zcGFuPjxcL2E+PFwvZGl2PjxcL2Rpdj48XC9kaXY+PFwvZGl2PjxcL2Rpdj4iXQ==\" data-init-show=\"30\">\n                <div class=\"eael-filterable-gallery-item-wrap eael-cf-dzieci\">\n\t\t\t\t<div class=\"eael-gallery-grid-item\"><div class=\"gallery-item-thumbnail-wrap\"><img decoding=\"async\" src=\"https:\/\/zalevski.com\/wp-content\/uploads\/2025\/01\/464288328_8989545987776170_5956954375679958395_n.jpg\" data-lazy-src=\"https:\/\/zalevski.com\/wp-content\/uploads\/2025\/01\/464288328_8989545987776170_5956954375679958395_n.jpg\" alt=\"\" class=\"gallery-item-thumbnail\"><\/div><div class=\"gallery-item-caption-wrap caption-style-hoverer eael-slide-up\"><div class=\"gallery-item-hoverer-bg\"><\/div><div class=\"gallery-item-caption-over\"><div class=\"fg-item-content\"><p>Alan, Halloween 2024<\/p>\n<\/div><div class=\"gallery-item-buttons\"><a area-hidden=\"true\" aria-label=\"eael-magnific-link\" href=\"https:\/\/zalevski.com\/wp-content\/uploads\/2025\/01\/464288328_8989545987776170_5956954375679958395_n.jpg\" class=\"eael-magnific-link eael-magnific-link-clone active\" data-elementor-open-lightbox=\"yes\" title=\"\"><span class=\"fg-item-icon-inner\"><i class=\"fas fa-search-plus\" aria-hidden=\"true\"><\/i><\/span>\n            <\/a>                <a href=\"https:\/\/zalevski.com\/?page_id=995\" aria-label=\"eael-item-maybe-link\"> <span class=\"fg-item-icon-inner\"><i class=\"far fa-images\" aria-hidden=\"true\"><\/i><\/span><\/a><\/div><\/div><\/div><\/div><\/div><div class=\"eael-filterable-gallery-item-wrap eael-cf-dzieci\">\n\t\t\t\t<div class=\"eael-gallery-grid-item\"><div class=\"gallery-item-thumbnail-wrap\"><img decoding=\"async\" src=\"https:\/\/zalevski.com\/wp-content\/uploads\/2025\/01\/465057626_8988980687832700_1494287687494915903_n.jpg\" data-lazy-src=\"https:\/\/zalevski.com\/wp-content\/uploads\/2025\/01\/465057626_8988980687832700_1494287687494915903_n.jpg\" alt=\"\" class=\"gallery-item-thumbnail\"><\/div><div class=\"gallery-item-caption-wrap caption-style-hoverer eael-slide-up\"><div class=\"gallery-item-hoverer-bg\"><\/div><div class=\"gallery-item-caption-over\"><div class=\"fg-item-content\"><p>Sta\u015b, Halloween 2024<\/p>\n<\/div><div class=\"gallery-item-buttons\"><a area-hidden=\"true\" aria-label=\"eael-magnific-link\" href=\"https:\/\/zalevski.com\/wp-content\/uploads\/2025\/01\/465057626_8988980687832700_1494287687494915903_n.jpg\" class=\"eael-magnific-link eael-magnific-link-clone active\" data-elementor-open-lightbox=\"yes\" title=\"\"><span class=\"fg-item-icon-inner\"><i class=\"fas fa-search-plus\" aria-hidden=\"true\"><\/i><\/span>\n            <\/a>                <a href=\"https:\/\/zalevski.com\/?page_id=\" aria-label=\"eael-item-maybe-link\"> <span class=\"fg-item-icon-inner\"><i class=\"far fa-images\" aria-hidden=\"true\"><\/i><\/span><\/a><\/div><\/div><\/div><\/div><\/div>            <\/div>\n            \n                    <\/div>\n        \n        \t\t\t\t<\/div>\n\t\t\t\t<\/div>\n\t\t\t\t\t<\/div>\n\t\t\t\t<\/div>\n\t\t<div class=\"elementor-element elementor-element-28ffae8 e-flex e-con-boxed e-con e-parent\" data-id=\"28ffae8\" data-element_type=\"container\">\n\t\t\t\t\t<div class=\"e-con-inner\">\n\t\t\t\t\t<\/div>\n\t\t\t\t<\/div>\n\t\t\t\t<\/div>\n\t\t","protected":false},"excerpt":{"rendered":"<p>Galeria (w trakcie budowy) wszystkie dron \u015blub dzieci new-born \u015bwi\u0119ta dla firm r\u00f3\u017cne wideo Alan, Halloween 2024 Sta\u015b, Halloween 2024<\/p>\n","protected":false},"author":1,"featured_media":0,"parent":0,"menu_order":0,"comment_status":"closed","ping_status":"closed","template":"","meta":{"footnotes":""},"class_list":["post-353","page","type-page","status-publish","hentry"],"_links":{"self":[{"href":"https:\/\/zalevski.com\/index.php?rest_route=\/wp\/v2\/pages\/353","targetHints":{"allow":["GET"]}}],"collection":[{"href":"https:\/\/zalevski.com\/index.php?rest_route=\/wp\/v2\/pages"}],"about":[{"href":"https:\/\/zalevski.com\/index.php?rest_route=\/wp\/v2\/types\/page"}],"author":[{"embeddable":true,"href":"https:\/\/zalevski.com\/index.php?rest_route=\/wp\/v2\/users\/1"}],"replies":[{"embeddable":true,"href":"https:\/\/zalevski.com\/index.php?rest_route=%2Fwp%2Fv2%2Fcomments&post=353"}],"version-history":[{"count":169,"href":"https:\/\/zalevski.com\/index.php?rest_route=\/wp\/v2\/pages\/353\/revisions"}],"predecessor-version":[{"id":1124,"href":"https:\/\/zalevski.com\/index.php?rest_route=\/wp\/v2\/pages\/353\/revisions\/1124"}],"wp:attachment":[{"href":"https:\/\/zalevski.com\/index.php?rest_route=%2Fwp%2Fv2%2Fmedia&parent=353"}],"curies":[{"name":"wp","href":"https:\/\/api.w.org\/{rel}","templated":true}]}}